{"id":932,"date":"2025-05-27T08:51:20","date_gmt":"2025-05-27T06:51:20","guid":{"rendered":"https:\/\/globaladvisorsenergy.com\/producto\/estacion-de-carga-rapida-future-digitial-para-2-vehiculos-electricos-120-180-200-240-kw-con-punto-de-venta\/"},"modified":"2025-05-27T08:54:39","modified_gmt":"2025-05-27T06:54:39","slug":"future-digitial-fast-car-charging-station-2-ev-120-180-200-240kw-with-pos","status":"publish","type":"product","link":"https:\/\/globaladvisorsenergy.com\/en\/producto\/future-digitial-fast-car-charging-station-2-ev-120-180-200-240kw-with-pos\/","title":{"rendered":"Future Digitial Fast Car Charging Station 2 EV 120\/180\/200\/240KW with POS"},"content":{"rendered":"<div class=\"fusion-fullwidth fullwidth-box fusion-builder-row-1 fusion-flex-container nonhundred-percent-fullwidth non-hundred-percent-height-scrolling\" style=\"--awb-border-radius-top-left:0px;--awb-border-radius-top-right:0px;--awb-border-radius-bottom-right:0px;--awb-border-radius-bottom-left:0px;--awb-flex-wrap:wrap;\" ><div class=\"fusion-builder-row fusion-row fusion-flex-align-items-flex-start fusion-flex-content-wrap\" style=\"max-width:1248px;margin-left: calc(-4% \/ 2 );margin-right: calc(-4% \/ 2 );\"><div class=\"fusion-layout-column fusion_builder_column fusion-builder-column-0 fusion_builder_column_1_1 1_1 fusion-flex-column\" style=\"--awb-bg-size:cover;--awb-width-large:100%;--awb-margin-top-large:0px;--awb-spacing-right-large:1.92%;--awb-margin-bottom-large:0px;--awb-spacing-left-large:1.92%;--awb-width-medium:100%;--awb-spacing-right-medium:1.92%;--awb-spacing-left-medium:1.92%;--awb-width-small:100%;--awb-spacing-right-small:1.92%;--awb-spacing-left-small:1.92%;\"><div class=\"fusion-column-wrapper fusion-flex-justify-content-flex-start fusion-content-layout-column\"><div class=\"fusion-title title fusion-title-1 fusion-sep-none fusion-title-text fusion-title-size-two\" style=\"--awb-font-size:25px;\"><h2 class=\"fusion-title-heading title-heading-left fusion-responsive-typography-calculated\" style=\"margin:0;font-size:1em;--fontSize:25;line-height:var(--awb-typography1-line-height);\"><span lang=\"en-US\"><b>Key Features<\/b><\/span><\/h2><\/div><ul style=\"--awb-line-height:27.2px;--awb-icon-width:27.2px;--awb-icon-height:27.2px;--awb-icon-margin:11.2px;--awb-content-margin:38.4px;--awb-circlecolor:var(--awb-color4);--awb-circle-yes-font-size:14.08px;\" class=\"fusion-checklist fusion-checklist-1 fusion-checklist-default type-icons\"><li class=\"fusion-li-item\" style=\"\"><span class=\"icon-wrapper circle-yes\"><i class=\"fusion-li-icon fa-check fas\" aria-hidden=\"true\"><\/i><\/span><div class=\"fusion-li-item-content\">Interface Standard: CCS<\/div><\/li><li class=\"fusion-li-item\" style=\"\"><span class=\"icon-wrapper circle-yes\"><i class=\"fusion-li-icon fa-check fas\" aria-hidden=\"true\"><\/i><\/span><div class=\"fusion-li-item-content\">Output Current: DC<\/div><\/li><li class=\"fusion-li-item\" style=\"\"><span class=\"icon-wrapper circle-yes\"><i class=\"fusion-li-icon fa-check fas\" aria-hidden=\"true\"><\/i><\/span><div class=\"fusion-li-item-content\">Output Power: 30KW-120KW<\/div><\/li><li class=\"fusion-li-item\" style=\"\"><span class=\"icon-wrapper circle-yes\"><i class=\"fusion-li-icon fa-check fas\" aria-hidden=\"true\"><\/i><\/span><div class=\"fusion-li-item-content\">Input Voltage: 380V<\/div><\/li><li class=\"fusion-li-item\" style=\"\"><span class=\"icon-wrapper circle-yes\"><i class=\"fusion-li-icon fa-check fas\" aria-hidden=\"true\"><\/i><\/span><div class=\"fusion-li-item-content\">Application: Charging Electric Car Charging<\/div><\/li><li class=\"fusion-li-item\" style=\"\"><span class=\"icon-wrapper circle-yes\"><i class=\"fusion-li-icon fa-check fas\" aria-hidden=\"true\"><\/i><\/span><div class=\"fusion-li-item-content\">Type: DCFC DC Fast Charger<\/div><\/li><li class=\"fusion-li-item\" style=\"\"><span class=\"icon-wrapper circle-yes\"><i class=\"fusion-li-icon fa-check fas\" aria-hidden=\"true\"><\/i><\/span><div class=\"fusion-li-item-content\">Output voltage: 200~750V DC<\/div><\/li><li class=\"fusion-li-item\" style=\"\"><span class=\"icon-wrapper circle-yes\"><i class=\"fusion-li-icon fa-check fas\" aria-hidden=\"true\"><\/i><\/span><div class=\"fusion-li-item-content\">Output power: 40\/60\/80\/100\/120\/160\/180KW<\/div><\/li><li class=\"fusion-li-item\" style=\"\"><span class=\"icon-wrapper circle-yes\"><i class=\"fusion-li-icon fa-check fas\" aria-hidden=\"true\"><\/i><\/span><div class=\"fusion-li-item-content\">Protection level: IP54<\/div><\/li><li class=\"fusion-li-item\" style=\"\"><span class=\"icon-wrapper circle-yes\"><i class=\"fusion-li-icon fa-check fas\" aria-hidden=\"true\"><\/i><\/span><div class=\"fusion-li-item-content\">Input Voltage: 380V\u00b115% (3-Phase)<\/div><\/li><\/ul><\/div><\/div><\/div><\/div>\n","protected":false},"excerpt":{"rendered":"<p><span style=\"font-size: large;\"><span lang=\"en-US\">Minimum order: 2 units<\/span><\/span><\/p>\n<p><span lang=\"en-US\"><b>Highlights<\/b><\/span><\/p>\n<p><span lang=\"en-US\">-POS System included. The integrated POS machines make payment transactions easy and flexible<\/span><\/p>\n<p><span lang=\"en-US\">-User authentication via RFID or Mobile App<\/span><\/p>\n<p><span lang=\"en-US\">-Charge two cars simultaneously<\/span><\/p>\n<p><span lang=\"en-US\">-Power Adjustability: 40-240kW range according to the specific requirements of different vehicles,E-boat<\/span><\/p>\n<p><span lang=\"en-US\">-IP54&amp;IK10 protection<\/span><\/p>\n<p><span lang=\"en-US\">-Multi-protocol design for CCS 1&amp;2, CHAdeMO, GB\/T <\/span><\/p>\n<p><span lang=\"en-US\">-Emergency Stop button<\/span><\/p>\n<p>&#8211; Carga dos coches simult\u00e1neamente.<\/p>\n<p>&#8211; Ajuste de potencia: 40-240 kW seg\u00fan las necesidades espec\u00edficas de cada veh\u00edculo y embarcaci\u00f3n el\u00e9ctrica.<\/p>\n<p>&#8211; Protecci\u00f3n IP54 e IK10.<\/p>\n<p>&#8211; Dise\u00f1o multiprotocolo para CCS 1 y 2, CHAdeMO y GB\/T.<\/p>\n<p>&#8211; Bot\u00f3n de parada de emergencia.<\/p>\n","protected":false},"featured_media":931,"template":"","meta":[],"product_brand":[],"product_cat":[43,33],"product_tag":[],"class_list":{"0":"post-932","1":"product","2":"type-product","3":"status-publish","4":"has-post-thumbnail","6":"product_cat-electric-vehicle-charging","7":"product_cat-solar-power-equipment","9":"first","10":"instock","11":"taxable","12":"shipping-taxable","13":"purchasable","14":"product-type-simple"},"_links":{"self":[{"href":"https:\/\/globaladvisorsenergy.com\/en\/wp-json\/wp\/v2\/product\/932","targetHints":{"allow":["GET"]}}],"collection":[{"href":"https:\/\/globaladvisorsenergy.com\/en\/wp-json\/wp\/v2\/product"}],"about":[{"href":"https:\/\/globaladvisorsenergy.com\/en\/wp-json\/wp\/v2\/types\/product"}],"wp:featuredmedia":[{"embeddable":true,"href":"https:\/\/globaladvisorsenergy.com\/en\/wp-json\/wp\/v2\/media\/931"}],"wp:attachment":[{"href":"https:\/\/globaladvisorsenergy.com\/en\/wp-json\/wp\/v2\/media?parent=932"}],"wp:term":[{"taxonomy":"product_brand","embeddable":true,"href":"https:\/\/globaladvisorsenergy.com\/en\/wp-json\/wp\/v2\/product_brand?post=932"},{"taxonomy":"product_cat","embeddable":true,"href":"https:\/\/globaladvisorsenergy.com\/en\/wp-json\/wp\/v2\/product_cat?post=932"},{"taxonomy":"product_tag","embeddable":true,"href":"https:\/\/globaladvisorsenergy.com\/en\/wp-json\/wp\/v2\/product_tag?post=932"}],"curies":[{"name":"wp","href":"https:\/\/api.w.org\/{rel}","templated":true}]}}